{"id":4106,"date":"2020-07-24T20:22:16","date_gmt":"2020-07-24T18:22:16","guid":{"rendered":"https:\/\/thewholepicture.fr\/mentions-legales\/"},"modified":"2022-11-13T23:37:51","modified_gmt":"2022-11-13T22:37:51","slug":"legal-mentions","status":"publish","type":"page","link":"https:\/\/thewholepicture.fr\/en\/legal-mentions\/","title":{"rendered":"Legal mentions"},"content":{"rendered":"<p><div class=\"fusion-fullwidth fullwidth-box fusion-builder-row-1 fusion-flex-container twp-intro-section nonhundred-percent-fullwidth non-hundred-percent-height-scrolling\" style=\"background-color: rgba(255,255,255,0);background-position: center center;background-repeat: no-repeat;border-width: 0px 0px 0px 0px;border-color:#eae9e9;border-style:solid;\" id=\"intro-section\" ><div class=\"fusion-builder-row fusion-row fusion-flex-align-items-flex-start\" style=\"max-width:1206.4px;margin-left: calc(-4% \/ 2 );margin-right: calc(-4% \/ 2 );\"><div class=\"fusion-layout-column fusion_builder_column fusion-builder-column-0 fusion_builder_column_1_1 1_1 fusion-flex-column fusion-flex-align-self-center\" id=\"intro-section-content\"><div class=\"fusion-column-wrapper fusion-flex-justify-content-center fusion-content-layout-column fusion-empty-dims-bg-image\" style=\"background-image: url(&#039;http:\/\/thewholepicture.fr\/wp-content\/uploads\/2021\/10\/Fo-01.jpg&#039;);background-position:center center;background-repeat:no-repeat;-webkit-background-size:cover;-moz-background-size:cover;-o-background-size:cover;background-size:cover;padding: 0px 0px 0px 0px;\" data-bg-url=\"http:\/\/thewholepicture.fr\/wp-content\/uploads\/2021\/10\/Fo-01.jpg\"><div class=\"fusion-builder-row fusion-builder-row-inner fusion-row fusion-flex-align-items-flex-start\" style=\"width:104% !important;max-width:104% !important;margin-left: calc(-4% \/ 2 );margin-right: calc(-4% \/ 2 );\"><div class=\"fusion-layout-column fusion_builder_column_inner fusion-builder-nested-column-0 fusion_builder_column_inner_1_4 1_4 fusion-flex-column\"><div class=\"fusion-column-wrapper fusion-flex-justify-content-flex-start fusion-content-layout-column\" style=\"background-position:left top;background-repeat:no-repeat;-webkit-background-size:cover;-moz-background-size:cover;-o-background-size:cover;background-size:cover;padding: 0px 0px 0px 0px;\"><\/div><style type=\"text\/css\">.fusion-body .fusion-builder-nested-column-0{width:25% !important;margin-top : 0px;margin-bottom : 0px;}.fusion-builder-nested-column-0 > .fusion-column-wrapper {padding-top : 0px !important;padding-right : 0px !important;margin-right : 7.68%;padding-bottom : 0px !important;padding-left : 0px !important;margin-left : 7.68%;}@media only screen and (max-width:640px) {.fusion-body .fusion-builder-nested-column-0{width:16.666666666667% !important;order : 0;}.fusion-builder-nested-column-0 > .fusion-column-wrapper {margin-right : 11.52%;margin-left : 11.52%;}}@media only screen and (max-width:480px) {.fusion-body .fusion-builder-nested-column-0{width:100% !important;order : 0;}.fusion-builder-nested-column-0 > .fusion-column-wrapper {margin-right : 1.92%;margin-left : 1.92%;}}<\/style><\/div><div class=\"fusion-layout-column fusion_builder_column_inner fusion-builder-nested-column-1 fusion_builder_column_inner_1_2 1_2 fusion-flex-column\"><div class=\"fusion-column-wrapper fusion-flex-justify-content-flex-start fusion-content-layout-column\" style=\"background-position:left top;background-repeat:no-repeat;-webkit-background-size:cover;-moz-background-size:cover;-o-background-size:cover;background-size:cover;padding: 0px 0px 0px 0px;\"><style type=\"text\/css\">@media only screen and (max-width:640px) {.fusion-title.fusion-title-1{margin-top:30px!important; margin-right:0px!important;margin-bottom:20px!important;margin-left:0px!important;}}@media only screen and (max-width:480px) {.fusion-title.fusion-title-1{margin-top:30px!important; margin-right:0px!important;margin-bottom:20px!important; margin-left:0px!important;}}<\/style><div class=\"fusion-title title fusion-title-1 fusion-sep-none fusion-title-text fusion-title-size-two\" style=\"margin-top:30px;margin-right:0px;margin-bottom:20px;margin-left:0px;\"><h2 class=\"title-heading-left\" style=\"margin:0;color:#ffffff;\">Science creates value for Art<\/h2><\/div><div class=\"fusion-text fusion-text-1\" style=\"color:#ffffff;\"><h3 style=\"text-align: left;\"><span style=\"color: #ffffff;\">Legal mentions \u00a0<\/span><\/h3>\n<\/div><\/div><style type=\"text\/css\">.fusion-body .fusion-builder-nested-column-1{width:50% !important;margin-top : 0px;margin-bottom : 0px;}.fusion-builder-nested-column-1 > .fusion-column-wrapper {padding-top : 0px !important;padding-right : 0px !important;margin-right : 3.84%;padding-bottom : 0px !important;padding-left : 0px !important;margin-left : 3.84%;}@media only screen and (max-width:640px) {.fusion-body .fusion-builder-nested-column-1{width:66.666666666667% !important;order : 0;}.fusion-builder-nested-column-1 > .fusion-column-wrapper {margin-right : 2.88%;margin-left : 2.88%;}}@media only screen and (max-width:480px) {.fusion-body .fusion-builder-nested-column-1{width:100% !important;order : 0;}.fusion-builder-nested-column-1 > .fusion-column-wrapper {margin-right : 1.92%;margin-left : 1.92%;}}<\/style><\/div><div class=\"fusion-layout-column fusion_builder_column_inner fusion-builder-nested-column-2 fusion_builder_column_inner_1_4 1_4 fusion-flex-column\"><div class=\"fusion-column-wrapper fusion-flex-justify-content-flex-start fusion-content-layout-column\" style=\"background-position:left top;background-repeat:no-repeat;-webkit-background-size:cover;-moz-background-size:cover;-o-background-size:cover;background-size:cover;padding: 0px 0px 0px 0px;\"><\/div><style type=\"text\/css\">.fusion-body .fusion-builder-nested-column-2{width:25% !important;margin-top : 0px;margin-bottom : 0px;}.fusion-builder-nested-column-2 > .fusion-column-wrapper {padding-top : 0px !important;padding-right : 0px !important;margin-right : 7.68%;padding-bottom : 0px !important;padding-left : 0px !important;margin-left : 7.68%;}@media only screen and (max-width:640px) {.fusion-body .fusion-builder-nested-column-2{width:16.666666666667% !important;order : 0;}.fusion-builder-nested-column-2 > .fusion-column-wrapper {margin-right : 11.52%;margin-left : 11.52%;}}@media only screen and (max-width:480px) {.fusion-body .fusion-builder-nested-column-2{width:100% !important;order : 0;}.fusion-builder-nested-column-2 > .fusion-column-wrapper {margin-right : 1.92%;margin-left : 1.92%;}}<\/style><\/div><\/div><\/div><style type=\"text\/css\">.fusion-body .fusion-builder-column-0{width:100% !important;margin-top : 0px;margin-bottom : 0px;}.fusion-builder-column-0 > .fusion-column-wrapper {padding-top : 0px !important;padding-right : 0px !important;margin-right : 1.92%;padding-bottom : 0px !important;padding-left : 0px !important;margin-left : 1.92%;}@media only screen and (max-width:640px) {.fusion-body .fusion-builder-column-0{width:100% !important;order : 0;}.fusion-builder-column-0 > .fusion-column-wrapper {margin-right : 1.92%;margin-left : 1.92%;}}@media only screen and (min-width:640px) {.fusion-body .fusion-builder-column-0 .fusion-empty-dims-img-placeholder { display: none; }}@media only screen and (max-width:480px) {.fusion-body .fusion-builder-column-0{width:100% !important;order : 0;}.fusion-builder-column-0 > .fusion-column-wrapper {padding-right : 20px !important;margin-right : 1.92%;padding-left : 20px !important;margin-left : 1.92%;}}<\/style><\/div><\/div><style type=\"text\/css\">.fusion-body .fusion-flex-container.fusion-builder-row-1{ padding-top : 0px;margin-top : 0px;padding-right : 0px;padding-bottom : 0px;margin-bottom : 0px;padding-left : 0px;}<\/style><\/div><div class=\"fusion-fullwidth fullwidth-box fusion-builder-row-2 fusion-flex-container nonhundred-percent-fullwidth non-hundred-percent-height-scrolling\" style=\"background-color: rgba(255,255,255,0);background-position: center center;background-repeat: no-repeat;border-width: 0px 0px 0px 0px;border-color:#eae9e9;border-style:solid;\" ><div class=\"fusion-builder-row fusion-row fusion-flex-align-items-flex-start\" style=\"max-width:1206.4px;margin-left: calc(-4% \/ 2 );margin-right: calc(-4% \/ 2 );\"><div class=\"fusion-layout-column fusion_builder_column fusion-builder-column-1 fusion_builder_column_1_1 1_1 fusion-flex-column\"><div class=\"fusion-column-wrapper fusion-flex-justify-content-flex-start fusion-content-layout-column\" style=\"background-position:left top;background-repeat:no-repeat;-webkit-background-size:cover;-moz-background-size:cover;-o-background-size:cover;background-size:cover;padding: 0px 0px 0px 0px;\"><div class=\"fusion-text fusion-text-2\"><div>\n<h3><\/h3>\n<div>\n<h3>Company information<\/h3>\n<p>THE WHOLE PICTURE &#8211; T W P -, soci\u00e9t\u00e9 par actions simplifi\u00e9e, immatricul\u00e9e sous le SIREN 849293295, est en activit\u00e9 depuis 3 ans. Install\u00e9e \u00e0 PARIS (75001), elle est sp\u00e9cialis\u00e9e dans le secteur des activit\u00e9s photographiques. Benoit DEVARRIEUX est pr\u00e9sident de l&#8217;entreprise THE WHOLE PICTURE &#8211; T W P -.<\/p>\n<p><strong>Adresse<\/strong> :\u00a0<br \/><strong>T\u00e9l\u00e9phone<\/strong> : 01 53 63 28 50<br \/><strong>Mail :<\/strong> contact@thewholepicture.fr<br \/><strong>N\u00b0 de siret :<\/strong> 84929329500010<\/p>\n<\/div>\n<div>\u00a0<\/div>\n<h3>Website hosting and credits:<\/h3>\n<h4>Website hosting<\/h4>\n<div>Le nom de domaine du site internet TWP est exclusivement <a class=\"link-standard reveal-title-by-hover reveal-left\" href=\"https:\/\/thewholepicture.fr\" data-title-copy=\"thewholepicture.fr\">thewholepicture.fr<\/a>, Il est la propri\u00e9t\u00e9 de la soci\u00e9t\u00e9 THE WHOLE PICTURE &#8211; T W P &#8211;<\/div>\n<div>Le site internet est h\u00e9berg\u00e9 par la soci\u00e9t\u00e9 Ionos, dont la vitrine en ligne est publi\u00e9e \u00e0 l&#8217;adresse <a href=\"https:\/\/www.ionos.fr\/\">ionos.fr<\/a>.<\/div>\n<div>IONOS SARL est une soci\u00e9t\u00e9 \u00e0 responsabilit\u00e9 limit\u00e9e, immatricul\u00e9e sous le SIREN 431303775.<\/div>\n<div>\u00a0<\/div>\n<h4>Credits<\/h4>\n<div>Concepteur du site internet : Matthieu Rossat &#8211; D\u00e9but D\u00e9cembre\u00a0<\/div>\n<div>Webmaster : Br\u00e9dy Alexandre &#8211; Comyou<\/div>\n<h3><\/h3>\n<p>&nbsp;<\/p>\n<\/div>\n<\/div><\/div><style type=\"text\/css\">.fusion-body .fusion-builder-column-1{width:100% !important;margin-top : 4em;margin-bottom : 4em;}.fusion-builder-column-1 > .fusion-column-wrapper {padding-top : 0px !important;padding-right : 0px !important;margin-right : 1.92%;padding-bottom : 0px !important;padding-left : 0px !important;margin-left : 1.92%;}@media only screen and (max-width:640px) {.fusion-body .fusion-builder-column-1{width:100% !important;order : 0;}.fusion-builder-column-1 > .fusion-column-wrapper {margin-right : 1.92%;margin-left : 1.92%;}}@media only screen and (max-width:480px) {.fusion-body .fusion-builder-column-1{width:100% !important;order : 0;}.fusion-builder-column-1 > .fusion-column-wrapper {margin-right : 1.92%;margin-left : 1.92%;}}<\/style><\/div><\/div><style type=\"text\/css\">.fusion-body .fusion-flex-container.fusion-builder-row-2{ padding-top : 0px;margin-top : 0px;padding-right : 0px;padding-bottom : 0px;margin-bottom : 0px;padding-left : 0px;}<\/style><\/div><\/p>","protected":false},"excerpt":{"rendered":"","protected":false},"author":1,"featured_media":0,"parent":0,"menu_order":0,"comment_status":"closed","ping_status":"open","template":"","meta":{"_monsterinsights_skip_tracking":false,"_monsterinsights_sitenote_active":false,"_monsterinsights_sitenote_note":"","_monsterinsights_sitenote_category":0},"yoast_head":"<!-- This site is optimized with the Yoast SEO plugin v20.6 - https:\/\/yoast.com\/wordpress\/plugins\/seo\/ -->\n<title>Legal mentions - The Whole Picture<\/title>\n<meta name=\"description\" content=\"Legal information. Business for Inclusive Growth (B4IG) is a partnership between the OECD and major corporations from across the globe\" \/>\n<meta name=\"robots\" content=\"index, follow, max-snippet:-1, max-image-preview:large, max-video-preview:-1\" \/>\n<link rel=\"canonical\" href=\"https:\/\/thewholepicture.fr\/en\/legal-mentions\/\" \/>\n<meta property=\"og:locale\" content=\"en_US\" \/>\n<meta property=\"og:type\" content=\"article\" \/>\n<meta property=\"og:title\" content=\"Legal mentions - The Whole Picture\" \/>\n<meta property=\"og:description\" content=\"Legal information. Business for Inclusive Growth (B4IG) is a partnership between the OECD and major corporations from across the globe\" \/>\n<meta property=\"og:url\" content=\"https:\/\/thewholepicture.fr\/en\/legal-mentions\/\" \/>\n<meta property=\"og:site_name\" content=\"The Whole Picture\" \/>\n<meta property=\"article:modified_time\" content=\"2022-11-13T22:37:51+00:00\" \/>\n<meta name=\"twitter:card\" content=\"summary_large_image\" \/>\n<meta name=\"twitter:site\" content=\"@B4IG_Coalition\" \/>\n<meta name=\"twitter:label1\" content=\"Est. reading time\" \/>\n\t<meta name=\"twitter:data1\" content=\"5 minutes\" \/>\n<script type=\"application\/ld+json\" class=\"yoast-schema-graph\">{\"@context\":\"https:\/\/schema.org\",\"@graph\":[{\"@type\":\"WebPage\",\"@id\":\"https:\/\/thewholepicture.fr\/en\/legal-mentions\/\",\"url\":\"https:\/\/thewholepicture.fr\/en\/legal-mentions\/\",\"name\":\"Legal mentions - The Whole Picture\",\"isPartOf\":{\"@id\":\"https:\/\/thewholepicture.fr\/#website\"},\"datePublished\":\"2020-07-24T18:22:16+00:00\",\"dateModified\":\"2022-11-13T22:37:51+00:00\",\"description\":\"Legal information. Business for Inclusive Growth (B4IG) is a partnership between the OECD and major corporations from across the globe\",\"breadcrumb\":{\"@id\":\"https:\/\/thewholepicture.fr\/en\/legal-mentions\/#breadcrumb\"},\"inLanguage\":\"en-US\",\"potentialAction\":[{\"@type\":\"ReadAction\",\"target\":[\"https:\/\/thewholepicture.fr\/en\/legal-mentions\/\"]}]},{\"@type\":\"BreadcrumbList\",\"@id\":\"https:\/\/thewholepicture.fr\/en\/legal-mentions\/#breadcrumb\",\"itemListElement\":[{\"@type\":\"ListItem\",\"position\":1,\"name\":\"Accueil\",\"item\":\"https:\/\/thewholepicture.fr\/en\/\"},{\"@type\":\"ListItem\",\"position\":2,\"name\":\"Legal mentions\"}]},{\"@type\":\"WebSite\",\"@id\":\"https:\/\/thewholepicture.fr\/#website\",\"url\":\"https:\/\/thewholepicture.fr\/\",\"name\":\"The Whole Picture\",\"description\":\"\",\"potentialAction\":[{\"@type\":\"SearchAction\",\"target\":{\"@type\":\"EntryPoint\",\"urlTemplate\":\"https:\/\/thewholepicture.fr\/?s={search_term_string}\"},\"query-input\":\"required name=search_term_string\"}],\"inLanguage\":\"en-US\"}]}<\/script>\n<!-- \/ Yoast SEO plugin. -->","yoast_head_json":{"title":"Legal mentions - The Whole Picture","description":"Legal information. Business for Inclusive Growth (B4IG) is a partnership between the OECD and major corporations from across the globe","robots":{"index":"index","follow":"follow","max-snippet":"max-snippet:-1","max-image-preview":"max-image-preview:large","max-video-preview":"max-video-preview:-1"},"canonical":"https:\/\/thewholepicture.fr\/en\/legal-mentions\/","og_locale":"en_US","og_type":"article","og_title":"Legal mentions - The Whole Picture","og_description":"Legal information. Business for Inclusive Growth (B4IG) is a partnership between the OECD and major corporations from across the globe","og_url":"https:\/\/thewholepicture.fr\/en\/legal-mentions\/","og_site_name":"The Whole Picture","article_modified_time":"2022-11-13T22:37:51+00:00","twitter_card":"summary_large_image","twitter_site":"@B4IG_Coalition","twitter_misc":{"Est. reading time":"5 minutes"},"schema":{"@context":"https:\/\/schema.org","@graph":[{"@type":"WebPage","@id":"https:\/\/thewholepicture.fr\/en\/legal-mentions\/","url":"https:\/\/thewholepicture.fr\/en\/legal-mentions\/","name":"Legal mentions - The Whole Picture","isPartOf":{"@id":"https:\/\/thewholepicture.fr\/#website"},"datePublished":"2020-07-24T18:22:16+00:00","dateModified":"2022-11-13T22:37:51+00:00","description":"Legal information. Business for Inclusive Growth (B4IG) is a partnership between the OECD and major corporations from across the globe","breadcrumb":{"@id":"https:\/\/thewholepicture.fr\/en\/legal-mentions\/#breadcrumb"},"inLanguage":"en-US","potentialAction":[{"@type":"ReadAction","target":["https:\/\/thewholepicture.fr\/en\/legal-mentions\/"]}]},{"@type":"BreadcrumbList","@id":"https:\/\/thewholepicture.fr\/en\/legal-mentions\/#breadcrumb","itemListElement":[{"@type":"ListItem","position":1,"name":"Accueil","item":"https:\/\/thewholepicture.fr\/en\/"},{"@type":"ListItem","position":2,"name":"Legal mentions"}]},{"@type":"WebSite","@id":"https:\/\/thewholepicture.fr\/#website","url":"https:\/\/thewholepicture.fr\/","name":"The Whole Picture","description":"","potentialAction":[{"@type":"SearchAction","target":{"@type":"EntryPoint","urlTemplate":"https:\/\/thewholepicture.fr\/?s={search_term_string}"},"query-input":"required name=search_term_string"}],"inLanguage":"en-US"}]}},"_links":{"self":[{"href":"https:\/\/thewholepicture.fr\/en\/wp-json\/wp\/v2\/pages\/4106"}],"collection":[{"href":"https:\/\/thewholepicture.fr\/en\/wp-json\/wp\/v2\/pages"}],"about":[{"href":"https:\/\/thewholepicture.fr\/en\/wp-json\/wp\/v2\/types\/page"}],"author":[{"embeddable":true,"href":"https:\/\/thewholepicture.fr\/en\/wp-json\/wp\/v2\/users\/1"}],"replies":[{"embeddable":true,"href":"https:\/\/thewholepicture.fr\/en\/wp-json\/wp\/v2\/comments?post=4106"}],"version-history":[{"count":3,"href":"https:\/\/thewholepicture.fr\/en\/wp-json\/wp\/v2\/pages\/4106\/revisions"}],"predecessor-version":[{"id":4143,"href":"https:\/\/thewholepicture.fr\/en\/wp-json\/wp\/v2\/pages\/4106\/revisions\/4143"}],"wp:attachment":[{"href":"https:\/\/thewholepicture.fr\/en\/wp-json\/wp\/v2\/media?parent=4106"}],"curies":[{"name":"wp","href":"https:\/\/api.w.org\/{rel}","templated":true}]}}